{"id":12,"date":"2018-10-21T10:29:10","date_gmt":"2018-10-21T08:29:10","guid":{"rendered":"http:\/\/tk-ibach-wittenschwand.de\/index.php\/zeitungsartikel\/"},"modified":"2022-11-17T11:31:58","modified_gmt":"2022-11-17T10:31:58","slug":"zeitungsartikel","status":"publish","type":"page","link":"https:\/\/tk-ibach-wittenschwand.de\/index.php\/zeitungsartikel\/","title":{"rendered":"Zeitungsartikel"},"content":{"rendered":"<p><a href=\"http:\/\/www.badische-zeitung.de\/dachsberg\/die-premiere-ist-gelungen-x3x\" target=\"_top\" rel=\"noopener\"><b>Die Premiere ist gelungen<\/b> (ver\u00f6ffentlicht am Di, 22. November 2016 auf badische-zeitung.de)<\/a><\/p>\n<p><a href=\"http:\/\/www.badische-zeitung.de\/dachsberg\/leidenschaftliche-musiker-und-fleissige-helfer\" target=\"_top\" rel=\"noopener\"><b>Leidenschaftliche Musiker und flei\u00dfige Helfer<\/b> (ver\u00f6ffentlicht am Di, 08. Dezember 2015 auf badische-zeitung.de)<\/a><\/p>\n<p><a href=\"http:\/\/www.badische-zeitung.de\/dachsberg\/beeindruckend-mit-allen-registern\" target=\"_top\" rel=\"noopener\"><b>Beeindruckend mit allen Registern<\/b> (ver\u00f6ffentlicht am Mo, 07. Dezember 2015 auf badische-zeitung.de)<\/a><\/p>\n<p><a href=\"http:\/\/www.badische-zeitung.de\/dachsberg\/register-als-die-heimlichen-solisten\" target=\"_top\" rel=\"noopener\"><b>Register als die heimlichen Solisten<\/b> (ver\u00f6ffentlicht am Mo, 01. Dezember 2014 auf badische-zeitung.de)<\/a><\/p>\n<p><a href=\"http:\/\/www.badische-zeitung.de\/todtmoos\/jungmusikertage-enden-mit-gaensehaut-feeling\" target=\"_top\" rel=\"noopener\"><b>Jungmusikertage enden mit G\u00e4nsehaut-Feeling<\/b> (ver\u00f6ffentlicht am Di, 16. September 2014 auf badische-zeitung.de)<\/a><\/p>\n<p><a href=\"http:\/\/www.badische-zeitung.de\/ibach\/party-blaeser-und-traktoren\" target=\"_top\" rel=\"noopener\"><b>Party, Bl\u00e4ser und Traktoren<\/b> (ver\u00f6ffentlicht am Mo, 02. Juni 2014 auf badische-zeitung.de)<\/a><\/p>\n<p><a href=\"http:\/\/www.badische-zeitung.de\/ibach\/musiker-freuen-sich-ueber-nachwuchs\" target=\"_top\" rel=\"noopener\"><b><\/b><\/a><\/p>\n<p><a href=\"http:\/\/www.badische-zeitung.de\/ibach\/musiker-freuen-sich-ueber-nachwuchs\" target=\"_top\" rel=\"noopener\"><b><br \/>\n<\/b><\/a><a href=\"http:\/\/www.badische-zeitung.de\/ibach\/musiker-freuen-sich-ueber-nachwuchs\" target=\"_top\" rel=\"noopener\"><b>Jahreshauptversammlung 2014: Musiker freuen sich \u00fcber Nachwuchs<\/b> (ver\u00f6ffentlicht am Mo, 10. Februar 2014 auf badische-zeitung.de)<\/a><\/p>\n<p><a href=\"http:\/\/www.badische-zeitung.de\/ibach\/quotenrenner-trachtenkapelle\" target=\"_top\" rel=\"noopener\"><b>Quotenrenner Trachtenkapelle<\/b> (ver\u00f6ffentlicht am Di, 22. Januar 2013 auf badische-zeitung.de)<\/a><\/p>\n<p><a href=\"http:\/\/www.badische-zeitung.de\/dachsberg\/ein-wachsender-klangkoerper\" target=\"_top\" rel=\"noopener\"><b>Ein wachsender Klangk\u00f6rper<\/b> (ver\u00f6ffentlicht am Mo, 03. Dezember 2012 auf badische-zeitung.de)<\/a><\/p>\n<p><a href=\"http:\/\/www.badische-zeitung.de\/ibach\/horst-koehler-feiert-mit\" target=\"_top\" rel=\"noopener\"><b>Horst K\u00f6hler feiert mit<\/b> (ver\u00f6ffentlicht am Do, 25. Oktober 2012 auf badische-zeitung.de) <\/a><\/p>\n<p><a href=\"http:\/\/www.badische-zeitung.de\/ibach\/ein-hoch-aufs-tolle-fest\" target=\"_top\" rel=\"noopener\"><b>Ein &#8222;Hoch&#8220; aufs tolle Fest<\/b> (ver\u00f6ffentlicht am Mo, 04. Juni 2012 auf badische-zeitung.de)<\/a><\/p>\n<p><a href=\"http:\/\/www.badische-zeitung.de\/dachsberg\/erfolg-braucht-platz\" target=\"newwindow\" rel=\"noopener\"><b>Erfolg braucht Platz<\/b> (ver\u00f6ffentlicht am 09. Februar 2012 auf badische-zeitung.de)<\/a><\/p>\n<p><a href=\"http:\/\/www.badische-zeitung.de\/ibach\/ein-konzert-mit-vielen-musikalischen-hoehepunkten\" target=\"newwindow\" rel=\"noopener\"><b>Ein Konzert mit vielen, musikalischen H\u00f6hepunkten<\/b> (ver\u00f6ffentlicht am 28. November 2011 auf badische-zeitung.de)<\/a><\/p>\n<p><a href=\"http:\/\/www.badische-zeitung.de\/bernau\/auch-gemeinsam-klingt-s-superschoen\" target=\"_top\" rel=\"noopener\"><b>Doppelkonzert MV Bernau &#8211; TK Ibach-Wittenschwand: Auch gemeinsam klingt\u2019s supersch\u00f6n<\/b> (ver\u00f6ffentlicht am 05. April 2011 auf badische-zeitung.de)<\/a><\/p>\n<p><a href=\"http:\/\/www.badische-zeitung.de\/dachsberg\/frank-weber-ist-neuer-chef-der-trachtenkapelle\" target=\"_top\" rel=\"noopener\"><b>Frank Weber ist neuer Chef der Trachtenkapelle<\/b> (ver\u00f6ffentlicht am 02. Februar 2011 auf badische-zeitung.de)<\/a><\/p>\n<p><span style=\"color: #ffffff;\"><a href=\"http:\/\/www.badische-zeitung.de\/ibach\/ein-konzert-auf-hohem-niveau\" target=\"_top\" rel=\"noopener\"><b>Jahreskonzert 2010<\/b> (ver\u00f6ffentlicht am 29. November 2010 auf badische-zeitung.de)<\/a><\/span><\/p>\n<p><span style=\"color: #ffffff;\"><\/span><\/p>\n<p><a href=\"http:\/\/www.badische-zeitung.de\/ibach\/die-trachtenkapelle-feiert-drei-tage-lang\" target=\"_top\" rel=\"noopener\"><b>Musikfest 2010 &#8211; Die Trachtenkapelle feiert drei Tage lang<\/b> (ver\u00f6ffentlicht am 29. Mai 2010 auf badische-zeitung.de)<\/a><\/p>\n<p><a href=\"http:\/\/www.badische-zeitung.de\/ibach\/ehrungen-bei-trachtenkapelle-ibach-wittenschwand\" target=\"_top\" rel=\"noopener\"><b>Ehrungen bei Trachtenkapelle Ibach\/Wittenschwand<\/b> (ver\u00f6ffentlicht am 20. Januar 2009 auf badische-zeitung.de)<\/a><\/p>\n","protected":false},"excerpt":{"rendered":"<p>Die Premiere ist gelungen (ver\u00f6ffentlicht am Di, 22. November 2016 auf badische-zeitung.de) Leidenschaftliche Musiker und flei\u00dfige Helfer (ver\u00f6ffentlicht am Di, 08. Dezember 2015 auf badische-zeitung.de) Beeindruckend mit allen Registern (ver\u00f6ffentlicht am Mo, 07. Dezember 2015 auf badische-zeitung.de) Register als die heimlichen Solisten (ver\u00f6ffentlicht am Mo, 01. Dezember 2014 auf badische-zeitung.de) Jungmusikertage enden mit G\u00e4nsehaut-Feeling (ver\u00f6ffentlicht [&hellip;]<\/p>\n","protected":false},"author":1,"featured_media":0,"parent":0,"menu_order":1,"comment_status":"closed","ping_status":"closed","template":"","meta":{"ocean_post_layout":"full-width","ocean_both_sidebars_style":"","ocean_both_sidebars_content_width":0,"ocean_both_sidebars_sidebars_width":0,"ocean_sidebar":"0","ocean_second_sidebar":"0","ocean_disable_margins":"enable","ocean_add_body_class":"","ocean_shortcode_before_top_bar":"","ocean_shortcode_after_top_bar":"","ocean_shortcode_before_header":"","ocean_shortcode_after_header":"","ocean_has_shortcode":"","ocean_shortcode_after_title":"","ocean_shortcode_before_footer_widgets":"","ocean_shortcode_after_footer_widgets":"","ocean_shortcode_before_footer_bottom":"","ocean_shortcode_after_footer_bottom":"","ocean_display_top_bar":"default","ocean_display_header":"default","ocean_header_style":"","ocean_center_header_left_menu":"0","ocean_custom_header_template":"0","ocean_custom_logo":0,"ocean_custom_retina_logo":0,"ocean_custom_logo_max_width":0,"ocean_custom_logo_tablet_max_width":0,"ocean_custom_logo_mobile_max_width":0,"ocean_custom_logo_max_height":0,"ocean_custom_logo_tablet_max_height":0,"ocean_custom_logo_mobile_max_height":0,"ocean_header_custom_menu":"0","ocean_menu_typo_font_family":"0","ocean_menu_typo_font_subset":"","ocean_menu_typo_font_size":0,"ocean_menu_typo_font_size_tablet":0,"ocean_menu_typo_font_size_mobile":0,"ocean_menu_typo_font_size_unit":"px","ocean_menu_typo_font_weight":"","ocean_menu_typo_font_weight_tablet":"","ocean_menu_typo_font_weight_mobile":"","ocean_menu_typo_transform":"","ocean_menu_typo_transform_tablet":"","ocean_menu_typo_transform_mobile":"","ocean_menu_typo_line_height":0,"ocean_menu_typo_line_height_tablet":0,"ocean_menu_typo_line_height_mobile":0,"ocean_menu_typo_line_height_unit":"","ocean_menu_typo_spacing":0,"ocean_menu_typo_spacing_tablet":0,"ocean_menu_typo_spacing_mobile":0,"ocean_menu_typo_spacing_unit":"","ocean_menu_link_color":"","ocean_menu_link_color_hover":"","ocean_menu_link_color_active":"","ocean_menu_link_background":"","ocean_menu_link_hover_background":"","ocean_menu_link_active_background":"","ocean_menu_social_links_bg":"","ocean_menu_social_hover_links_bg":"","ocean_menu_social_links_color":"","ocean_menu_social_hover_links_color":"","ocean_disable_title":"default","ocean_disable_heading":"default","ocean_post_title":"","ocean_post_subheading":"","ocean_post_title_style":"","ocean_post_title_background_color":"","ocean_post_title_background":0,"ocean_post_title_bg_image_position":"","ocean_post_title_bg_image_attachment":"","ocean_post_title_bg_image_repeat":"","ocean_post_title_bg_image_size":"","ocean_post_title_height":0,"ocean_post_title_bg_overlay":0.5,"ocean_post_title_bg_overlay_color":"","ocean_disable_breadcrumbs":"default","ocean_breadcrumbs_color":"","ocean_breadcrumbs_separator_color":"","ocean_breadcrumbs_links_color":"","ocean_breadcrumbs_links_hover_color":"","ocean_display_footer_widgets":"default","ocean_display_footer_bottom":"default","ocean_custom_footer_template":"0","footnotes":""},"class_list":["post-12","page","type-page","status-publish","hentry","entry"],"_links":{"self":[{"href":"https:\/\/tk-ibach-wittenschwand.de\/index.php\/wp-json\/wp\/v2\/pages\/12","targetHints":{"allow":["GET"]}}],"collection":[{"href":"https:\/\/tk-ibach-wittenschwand.de\/index.php\/wp-json\/wp\/v2\/pages"}],"about":[{"href":"https:\/\/tk-ibach-wittenschwand.de\/index.php\/wp-json\/wp\/v2\/types\/page"}],"author":[{"embeddable":true,"href":"https:\/\/tk-ibach-wittenschwand.de\/index.php\/wp-json\/wp\/v2\/users\/1"}],"replies":[{"embeddable":true,"href":"https:\/\/tk-ibach-wittenschwand.de\/index.php\/wp-json\/wp\/v2\/comments?post=12"}],"version-history":[{"count":1,"href":"https:\/\/tk-ibach-wittenschwand.de\/index.php\/wp-json\/wp\/v2\/pages\/12\/revisions"}],"predecessor-version":[{"id":46,"href":"https:\/\/tk-ibach-wittenschwand.de\/index.php\/wp-json\/wp\/v2\/pages\/12\/revisions\/46"}],"wp:attachment":[{"href":"https:\/\/tk-ibach-wittenschwand.de\/index.php\/wp-json\/wp\/v2\/media?parent=12"}],"curies":[{"name":"wp","href":"https:\/\/api.w.org\/{rel}","templated":true}]}}