{"id":7,"date":"2018-10-19T22:16:00","date_gmt":"2018-10-19T20:16:00","guid":{"rendered":"http:\/\/tk-ibach-wittenschwand.de\/index.php\/mitglieder\/"},"modified":"2025-06-20T11:49:56","modified_gmt":"2025-06-20T09:49:56","slug":"mitglieder","status":"publish","type":"page","link":"https:\/\/tk-ibach-wittenschwand.de\/index.php\/mitglieder\/","title":{"rendered":"Mitglieder"},"content":{"rendered":"\n<p><\/p>\n\n\n\n<h2 class=\"wp-block-heading has-text-align-center\"><span style=\"text-decoration: underline;\"><strong>Aktive Musiker der Kapelle<\/strong><\/span><\/h2>\n\n\n\n<p class=\"has-text-align-center\">Unsere Trachtenkapelle besteht derzeit aus 34 aktiven<\/p>\n\n\n\n<p class=\"has-text-align-center\">Musikerinnen und Musikern, die in insgesamt 11 Registern ihr Bestes geben.<\/p>\n\n\n\n<figure class=\"wp-block-table aligncenter is-style-stripes\"><table class=\"has-fixed-layout\"><tbody><tr><td><span style=\"font-size: small; color: #000000;\"><strong>Dirigent:<\/strong><\/span><br><br><span style=\"color: #000000;\">Michael Schlegel<\/span><\/td><td><figure class=\"wp-block-image aligncenter\"><img fetchpriority=\"high\" decoding=\"async\" width=\"169\" height=\"300\" class=\"wp-image-63\" src=\"https:\/\/tk-ibach-wittenschwand.de\/wp-content\/uploads\/2022\/11\/Michael_TKIW-klein-2-169x300.jpg\" alt=\"\" srcset=\"https:\/\/tk-ibach-wittenschwand.de\/wp-content\/uploads\/2022\/11\/Michael_TKIW-klein-2-169x300.jpg 169w, https:\/\/tk-ibach-wittenschwand.de\/wp-content\/uploads\/2022\/11\/Michael_TKIW-klein-2.jpg 532w\" sizes=\"(max-width: 169px) 100vw, 169px\" \/><\/figure><\/td><\/tr><tr><td><strong>Fl\u00f6te:<\/strong><br>&nbsp;<br>Ronja Schmidt<br>Silvia Walter<br>Katja Bader<br>Jutta Stich<br>Lena Stoll<\/td><td><figure class=\"wp-block-image\"><img decoding=\"async\" width=\"300\" height=\"225\" class=\"wp-image-64\" src=\"https:\/\/tk-ibach-wittenschwand.de\/wp-content\/uploads\/2022\/11\/dsc02276-flten-neu.jpg\" alt=\"\"><\/figure><\/td><\/tr><tr><td><strong>Klarinette:<\/strong><br>\u00a0<br>Carmen Thoma<br>Anna-Lena Riehm<br>Franziska Maier<br>Johanna Albiez<\/td><td><figure class=\"wp-block-image\"><img decoding=\"async\" width=\"300\" height=\"200\" class=\"wp-image-65\" src=\"https:\/\/tk-ibach-wittenschwand.de\/wp-content\/uploads\/2022\/11\/klari400-300x200.jpg\" alt=\"\" srcset=\"https:\/\/tk-ibach-wittenschwand.de\/wp-content\/uploads\/2022\/11\/klari400-300x200.jpg 300w, https:\/\/tk-ibach-wittenschwand.de\/wp-content\/uploads\/2022\/11\/klari400.jpg 400w\" sizes=\"(max-width: 300px) 100vw, 300px\" \/><\/figure><\/td><\/tr><tr><td><strong>Saxophon:<\/strong><br>&nbsp;<br>Martin Stoll<br>Marion Stoll<br>Tobias Blasi<\/td><td><figure class=\"wp-block-image\"><img loading=\"lazy\" decoding=\"async\" width=\"300\" height=\"200\" class=\"wp-image-66\" src=\"https:\/\/tk-ibach-wittenschwand.de\/wp-content\/uploads\/2022\/11\/saxo-k-300x200.jpg\" alt=\"\" srcset=\"https:\/\/tk-ibach-wittenschwand.de\/wp-content\/uploads\/2022\/11\/saxo-k-300x200.jpg 300w, https:\/\/tk-ibach-wittenschwand.de\/wp-content\/uploads\/2022\/11\/saxo-k.jpg 500w\" sizes=\"(max-width: 300px) 100vw, 300px\" \/><\/figure><\/td><\/tr><tr><td><strong>Trompete:<\/strong><br>&nbsp;<br>Lukas K\u00f6pfer<br>Pius Maier<br>Paul K\u00f6pfer<\/td><td><figure class=\"wp-block-image\"><img loading=\"lazy\" decoding=\"async\" width=\"300\" height=\"200\" class=\"wp-image-67\" src=\"https:\/\/tk-ibach-wittenschwand.de\/wp-content\/uploads\/2022\/11\/trompeten-300x200.jpg\" alt=\"\" srcset=\"https:\/\/tk-ibach-wittenschwand.de\/wp-content\/uploads\/2022\/11\/trompeten-300x200.jpg 300w, https:\/\/tk-ibach-wittenschwand.de\/wp-content\/uploads\/2022\/11\/trompeten.jpg 400w\" sizes=\"(max-width: 300px) 100vw, 300px\" \/><\/figure><\/td><\/tr><tr><td><strong>Fl\u00fcgelhorn:<\/strong><br>&nbsp;<br>Bernhard Maier<br>Petra K\u00f6pfer<br>Beatrix Schlegel<br>Herbert Meyer<\/td><td><figure class=\"wp-block-image\"><img loading=\"lazy\" decoding=\"async\" width=\"300\" height=\"200\" src=\"https:\/\/tk-ibach-wittenschwand.de\/wp-content\/uploads\/2022\/11\/fs-300x200.jpg\" alt=\"\" class=\"wp-image-68\" srcset=\"https:\/\/tk-ibach-wittenschwand.de\/wp-content\/uploads\/2022\/11\/fs-300x200.jpg 300w, https:\/\/tk-ibach-wittenschwand.de\/wp-content\/uploads\/2022\/11\/fs.jpg 400w\" sizes=\"(max-width: 300px) 100vw, 300px\" \/><\/figure><\/td><\/tr><tr><td><span style=\"color: #000000;\"><strong>Tenorhorn\/<\/strong><\/span><br><span style=\"color: #000000;\"><strong>Bariton:<\/strong><\/span><br><span style=\"color: #000000;\"><br>Thomas Schmidt<\/span><br><span style=\"color: #000000;\">Miguel Salinas Lopez<\/span><span style=\"color: #000000;\"><br>Max Thoma<br>Stefan K\u00f6pfer<br>Alexander K\u00f6pfer<\/span><\/td><td><figure class=\"wp-block-image\"><img loading=\"lazy\" decoding=\"async\" width=\"300\" height=\"200\" class=\"wp-image-69\" src=\"https:\/\/tk-ibach-wittenschwand.de\/wp-content\/uploads\/2022\/11\/tenorhorn-300x200.jpg\" alt=\"\" srcset=\"https:\/\/tk-ibach-wittenschwand.de\/wp-content\/uploads\/2022\/11\/tenorhorn-300x200.jpg 300w, https:\/\/tk-ibach-wittenschwand.de\/wp-content\/uploads\/2022\/11\/tenorhorn.jpg 400w\" sizes=\"(max-width: 300px) 100vw, 300px\" \/><\/figure><\/td><\/tr><tr><td><span style=\"font-size: small;\"><strong><span style=\"color: #000000;\">F-Horn:<br><\/span><\/strong><\/span><span style=\"color: #ffffff;\"><span style=\"font-size: small;\"><br><span style=\"color: #000000;\">Edgar Blasi<\/span><\/span><\/span><\/td><td><figure class=\"wp-block-image\"><img loading=\"lazy\" decoding=\"async\" width=\"225\" height=\"300\" class=\"wp-image-171\" src=\"https:\/\/tk-ibach-wittenschwand.de\/wp-content\/uploads\/2022\/11\/f-horn-homepage.jpg\" alt=\"\"><\/figure><\/td><\/tr><tr><td><span style=\"font-size: small;\"><strong><span style=\"color: #000000;\">Posaune:<\/span><\/strong><\/span><span style=\"color: #ffffff;\"><span style=\"font-size: small;\"><span style=\"color: #000000;\"><br><\/span><\/span><\/span><br><span style=\"color: #ffffff;\"><span style=\"font-size: small;\"><span style=\"color: #000000;\">Chrispin Weber<\/span><br><span style=\"color: #000000;\">Johannes B\u00fccheler<\/span><\/span><\/span><\/td><td><figure class=\"wp-block-image\"><img decoding=\"async\" class=\"wp-image-171\" src=\"https:\/\/tk-ibach-wittenschwand.de\/wp-content\/uploads\/2022\/11\/posaunen-k-300x200.jpg\" alt=\"\"><\/figure><\/td><\/tr><tr><td><strong>Tuba:<\/strong><br><br>Frank Weber<br>Siegfried Mutter<br>Christopher Wassmer<\/td><td><figure class=\"wp-block-image\"><img loading=\"lazy\" decoding=\"async\" width=\"300\" height=\"200\" class=\"wp-image-173\" src=\"https:\/\/tk-ibach-wittenschwand.de\/wp-content\/uploads\/2022\/11\/bsse-300x200.jpg\" alt=\"\" srcset=\"https:\/\/tk-ibach-wittenschwand.de\/wp-content\/uploads\/2022\/11\/bsse-300x200.jpg 300w, https:\/\/tk-ibach-wittenschwand.de\/wp-content\/uploads\/2022\/11\/bsse.jpg 400w\" sizes=\"(max-width: 300px) 100vw, 300px\" \/><\/figure><\/td><\/tr><tr><td><span style=\"font-size: small;\"><strong><span style=\"color: #000000;\">Schlagzeug\/<br>Percussion:<\/span><\/strong><\/span><br><span style=\"color: #000000; font-size: small;\"><br>Stephan Walter<br><\/span><span style=\"color: #ffffff;\"><span style=\"font-size: small;\"><span style=\"color: #000000;\">Tobias M\u00fcller<\/span><br><span style=\"color: #000000;\">Florian Albiez<\/span><\/span><\/span><\/td><td><figure class=\"wp-block-image\"><img decoding=\"async\" class=\"wp-image-171\" src=\"https:\/\/tk-ibach-wittenschwand.de\/wp-content\/uploads\/2022\/11\/schlagzeug-k-200x300.jpg\" alt=\"\"><\/figure><\/td><\/tr><\/tbody><\/table><\/figure>\n","protected":false},"excerpt":{"rendered":"<p>Aktive Musiker der Kapelle Unsere Trachtenkapelle besteht derzeit aus 34 aktiven Musikerinnen und Musikern, die in insgesamt 11 Registern ihr Bestes geben. Dirigent: Michael Schlegel Fl\u00f6te:&nbsp;Ronja SchmidtSilvia WalterKatja BaderJutta StichLena Stoll Klarinette:\u00a0Carmen ThomaAnna-Lena RiehmFranziska MaierJohanna Albiez Saxophon:&nbsp;Martin StollMarion StollTobias Blasi Trompete:&nbsp;Lukas K\u00f6pferPius MaierPaul K\u00f6pfer Fl\u00fcgelhorn:&nbsp;Bernhard MaierPetra K\u00f6pferBeatrix SchlegelHerbert Meyer Tenorhorn\/Bariton:Thomas SchmidtMiguel Salinas LopezMax ThomaStefan K\u00f6pferAlexander [&hellip;]<\/p>\n","protected":false},"author":1,"featured_media":0,"parent":0,"menu_order":6,"comment_status":"closed","ping_status":"closed","template":"","meta":{"ocean_post_layout":"full-width","ocean_both_sidebars_style":"","ocean_both_sidebars_content_width":0,"ocean_both_sidebars_sidebars_width":0,"ocean_sidebar":"0","ocean_second_sidebar":"0","ocean_disable_margins":"enable","ocean_add_body_class":"","ocean_shortcode_before_top_bar":"","ocean_shortcode_after_top_bar":"","ocean_shortcode_before_header":"","ocean_shortcode_after_header":"","ocean_has_shortcode":"","ocean_shortcode_after_title":"","ocean_shortcode_before_footer_widgets":"","ocean_shortcode_after_footer_widgets":"","ocean_shortcode_before_footer_bottom":"","ocean_shortcode_after_footer_bottom":"","ocean_display_top_bar":"default","ocean_display_header":"default","ocean_header_style":"","ocean_center_header_left_menu":"0","ocean_custom_header_template":"0","ocean_custom_logo":0,"ocean_custom_retina_logo":0,"ocean_custom_logo_max_width":0,"ocean_custom_logo_tablet_max_width":0,"ocean_custom_logo_mobile_max_width":0,"ocean_custom_logo_max_height":0,"ocean_custom_logo_tablet_max_height":0,"ocean_custom_logo_mobile_max_height":0,"ocean_header_custom_menu":"0","ocean_menu_typo_font_family":"0","ocean_menu_typo_font_subset":"","ocean_menu_typo_font_size":0,"ocean_menu_typo_font_size_tablet":0,"ocean_menu_typo_font_size_mobile":0,"ocean_menu_typo_font_size_unit":"px","ocean_menu_typo_font_weight":"","ocean_menu_typo_font_weight_tablet":"","ocean_menu_typo_font_weight_mobile":"","ocean_menu_typo_transform":"","ocean_menu_typo_transform_tablet":"","ocean_menu_typo_transform_mobile":"","ocean_menu_typo_line_height":0,"ocean_menu_typo_line_height_tablet":0,"ocean_menu_typo_line_height_mobile":0,"ocean_menu_typo_line_height_unit":"","ocean_menu_typo_spacing":0,"ocean_menu_typo_spacing_tablet":0,"ocean_menu_typo_spacing_mobile":0,"ocean_menu_typo_spacing_unit":"","ocean_menu_link_color":"","ocean_menu_link_color_hover":"","ocean_menu_link_color_active":"","ocean_menu_link_background":"","ocean_menu_link_hover_background":"","ocean_menu_link_active_background":"","ocean_menu_social_links_bg":"","ocean_menu_social_hover_links_bg":"","ocean_menu_social_links_color":"","ocean_menu_social_hover_links_color":"","ocean_disable_title":"default","ocean_disable_heading":"default","ocean_post_title":"","ocean_post_subheading":"","ocean_post_title_style":"","ocean_post_title_background_color":"","ocean_post_title_background":0,"ocean_post_title_bg_image_position":"","ocean_post_title_bg_image_attachment":"","ocean_post_title_bg_image_repeat":"","ocean_post_title_bg_image_size":"","ocean_post_title_height":0,"ocean_post_title_bg_overlay":0.5,"ocean_post_title_bg_overlay_color":"","ocean_disable_breadcrumbs":"default","ocean_breadcrumbs_color":"","ocean_breadcrumbs_separator_color":"","ocean_breadcrumbs_links_color":"","ocean_breadcrumbs_links_hover_color":"","ocean_display_footer_widgets":"default","ocean_display_footer_bottom":"default","ocean_custom_footer_template":"0","footnotes":""},"class_list":["post-7","page","type-page","status-publish","hentry","entry"],"_links":{"self":[{"href":"https:\/\/tk-ibach-wittenschwand.de\/index.php\/wp-json\/wp\/v2\/pages\/7","targetHints":{"allow":["GET"]}}],"collection":[{"href":"https:\/\/tk-ibach-wittenschwand.de\/index.php\/wp-json\/wp\/v2\/pages"}],"about":[{"href":"https:\/\/tk-ibach-wittenschwand.de\/index.php\/wp-json\/wp\/v2\/types\/page"}],"author":[{"embeddable":true,"href":"https:\/\/tk-ibach-wittenschwand.de\/index.php\/wp-json\/wp\/v2\/users\/1"}],"replies":[{"embeddable":true,"href":"https:\/\/tk-ibach-wittenschwand.de\/index.php\/wp-json\/wp\/v2\/comments?post=7"}],"version-history":[{"count":12,"href":"https:\/\/tk-ibach-wittenschwand.de\/index.php\/wp-json\/wp\/v2\/pages\/7\/revisions"}],"predecessor-version":[{"id":296,"href":"https:\/\/tk-ibach-wittenschwand.de\/index.php\/wp-json\/wp\/v2\/pages\/7\/revisions\/296"}],"wp:attachment":[{"href":"https:\/\/tk-ibach-wittenschwand.de\/index.php\/wp-json\/wp\/v2\/media?parent=7"}],"curies":[{"name":"wp","href":"https:\/\/api.w.org\/{rel}","templated":true}]}}