{"id":8,"date":"2018-10-19T22:16:16","date_gmt":"2018-10-19T20:16:16","guid":{"rendered":"http:\/\/tk-ibach-wittenschwand.de\/index.php\/ausbildung\/"},"modified":"2025-03-23T12:42:12","modified_gmt":"2025-03-23T11:42:12","slug":"ausbildung","status":"publish","type":"page","link":"https:\/\/tk-ibach-wittenschwand.de\/index.php\/ausbildung\/","title":{"rendered":"Ausbildung"},"content":{"rendered":"\n<p><span style=\"font-size: small;\"><span style=\"color: #ffffff;\"><strong>Ausbildung <\/strong><\/span><\/span><\/p>\n\n\n\n<h2 class=\"wp-block-heading\">Du m\u00f6chtest ein Instrument lernen?<\/h2>\n\n\n\n<p>Bei uns kann jeder einsteigen, egal ob gro\u00df oder klein! Wir bringen allen, die Lust auf Musik haben, ihr Wunschinstrument bei \u2013 Schritt f\u00fcr Schritt und mit viel Geduld. Dabei geht\u2019s locker zu: von den ersten T\u00f6nen bis zum gemeinsamen Spielen in der Gruppe.<\/p>\n\n\n\n<div class=\"wp-block-columns is-layout-flex wp-container-core-columns-is-layout-9d6595d7 wp-block-columns-is-layout-flex\">\n<div class=\"wp-block-column is-layout-flow wp-block-column-is-layout-flow\" style=\"flex-basis:100%\">\n<h2 class=\"wp-block-heading\">Die Jugendmusik Dachsberg-Ibach e.V.<\/h2>\n\n\n\n<p>Um den Kindern und Jugendlichen in Dachsberg und Ibach die M\u00f6glichkeit bieten zu k\u00f6nnen, gemeinsam mit ihren Freunden und Klassenkameraden ortsnah ein Instrument zu erlernen, wurde die Jugendmusik Dachsberg-Ibach e. V. gegr\u00fcndet. Sie ist ein Zusammenschluss der Trachtenkapelle Dachsberg, der Trachtenkapelle Ibach-Wittenschwand und des Musikvereins Urberg.<\/p>\n<\/div>\n\n\n\n<div class=\"wp-block-column is-vertically-aligned-center is-layout-flow wp-block-column-is-layout-flow\" style=\"flex-basis:100%\">\n<p class=\"has-text-align-center\"><strong><img fetchpriority=\"high\" decoding=\"async\" width=\"350\" height=\"255\" class=\"wp-image-266\" style=\"width: 350px;\" src=\"https:\/\/tk-ibach-wittenschwand.de\/wp-content\/uploads\/2025\/03\/Jugendmusik-Dachsberg-Ibach-756x551-1.jpeg\" alt=\"\" srcset=\"https:\/\/tk-ibach-wittenschwand.de\/wp-content\/uploads\/2025\/03\/Jugendmusik-Dachsberg-Ibach-756x551-1.jpeg 756w, https:\/\/tk-ibach-wittenschwand.de\/wp-content\/uploads\/2025\/03\/Jugendmusik-Dachsberg-Ibach-756x551-1-300x219.jpeg 300w\" sizes=\"(max-width: 350px) 100vw, 350px\" \/><\/strong><\/p>\n<\/div>\n<\/div>\n\n\n\n<blockquote class=\"wp-block-quote is-layout-flow wp-block-quote-is-layout-flow\">\n<p class=\"has-text-align-center\"><strong><em>\u201eDiese Jugendmusik ist eine Erfolgsgeschichte\u201c<\/em><\/strong><br>M\u00e4rz 2023<\/p>\n\n\n\n<p class=\"has-text-align-center\">S\u00fcdkurier<br><a href=\"https:\/\/www.suedkurier.de\/region\/hochrhein\/dachsberg\/diese-jugendmusik-ist-eine-erfolgsgeschichte;art372590,11491294\">https:\/\/www.suedkurier.de\/region\/hochrhein\/dachsberg\/diese-jugendmusik-ist-eine-erfolgsgeschichte;art372590,11491294<\/a><\/p>\n<\/blockquote>\n\n\n\n<p>Die Kinder und Jugendlichen werden in Kleingruppen unterrichtet und haben bereits nach ca. einem halben Jahr die M\u00f6glichkeit, in unserem Vororchester mitzuspielen und zu einem sp\u00e4teren Zeitpunkt dann im Jugendorchester mitzuwirken. Nach Beendigung der Ausbildung folgt der Eintritt in den jeweiligen Musikverein des Ortes.<\/p>\n\n\n\n<p>Jedes Fr\u00fchjahr besucht die Jugendmusik die Sch\u00fclerinnen und Sch\u00fcler der Grundschule Dachsberg-Ibach und der Waldorfschule Dachsberg und stellt die zu erlernenden Instrumente vor. Hierbei haben die Kinder die M\u00f6glichkeit, alle Instrumente einmal selbst auszuprobieren und jede Menge Fragen zu stellen. Die Ausbildung startet dann in der Regel im September.<\/p>\n\n\n\n<div class=\"wp-block-columns is-layout-flex wp-container-core-columns-is-layout-9d6595d7 wp-block-columns-is-layout-flex\">\n<div class=\"wp-block-column is-layout-flow wp-block-column-is-layout-flow\">\n<p class=\"has-text-align-center\"><strong>Erlernbare Instrumente<\/strong><\/p>\n\n\n\n<p class=\"has-text-align-center\">Blockfl\u00f6te,<br>div. Blech\u2013 und Holzblasinstrumente,<br>Schlagwerk.<\/p>\n<\/div>\n\n\n\n<div class=\"wp-block-column is-layout-flow wp-block-column-is-layout-flow\">\n<p class=\"has-text-align-center\"><strong>Kontakt<\/strong><\/p>\n\n\n\n<p class=\"has-text-align-center\">Marina Behringer<br><a href=\"mailto:%20vorstandjumudi@gmail.com\" target=\"_blank\" rel=\"noreferrer noopener\"><strong>vorstandjumudi@gmail.com<\/strong><\/a><\/p>\n<\/div>\n<\/div>\n","protected":false},"excerpt":{"rendered":"<p>Ausbildung Du m\u00f6chtest ein Instrument lernen? Bei uns kann jeder einsteigen, egal ob gro\u00df oder klein! Wir bringen allen, die Lust auf Musik haben, ihr Wunschinstrument bei \u2013 Schritt f\u00fcr Schritt und mit viel Geduld. Dabei geht\u2019s locker zu: von den ersten T\u00f6nen bis zum gemeinsamen Spielen in der Gruppe. Die Jugendmusik Dachsberg-Ibach e.V. Um [&hellip;]<\/p>\n","protected":false},"author":1,"featured_media":0,"parent":0,"menu_order":5,"comment_status":"closed","ping_status":"closed","template":"","meta":{"ocean_post_layout":"full-width","ocean_both_sidebars_style":"","ocean_both_sidebars_content_width":0,"ocean_both_sidebars_sidebars_width":0,"ocean_sidebar":"0","ocean_second_sidebar":"0","ocean_disable_margins":"enable","ocean_add_body_class":"","ocean_shortcode_before_top_bar":"","ocean_shortcode_after_top_bar":"","ocean_shortcode_before_header":"","ocean_shortcode_after_header":"","ocean_has_shortcode":"","ocean_shortcode_after_title":"","ocean_shortcode_before_footer_widgets":"","ocean_shortcode_after_footer_widgets":"","ocean_shortcode_before_footer_bottom":"","ocean_shortcode_after_footer_bottom":"","ocean_display_top_bar":"default","ocean_display_header":"default","ocean_header_style":"","ocean_center_header_left_menu":"0","ocean_custom_header_template":"0","ocean_custom_logo":0,"ocean_custom_retina_logo":0,"ocean_custom_logo_max_width":0,"ocean_custom_logo_tablet_max_width":0,"ocean_custom_logo_mobile_max_width":0,"ocean_custom_logo_max_height":0,"ocean_custom_logo_tablet_max_height":0,"ocean_custom_logo_mobile_max_height":0,"ocean_header_custom_menu":"0","ocean_menu_typo_font_family":"0","ocean_menu_typo_font_subset":"","ocean_menu_typo_font_size":0,"ocean_menu_typo_font_size_tablet":0,"ocean_menu_typo_font_size_mobile":0,"ocean_menu_typo_font_size_unit":"px","ocean_menu_typo_font_weight":"","ocean_menu_typo_font_weight_tablet":"","ocean_menu_typo_font_weight_mobile":"","ocean_menu_typo_transform":"","ocean_menu_typo_transform_tablet":"","ocean_menu_typo_transform_mobile":"","ocean_menu_typo_line_height":0,"ocean_menu_typo_line_height_tablet":0,"ocean_menu_typo_line_height_mobile":0,"ocean_menu_typo_line_height_unit":"","ocean_menu_typo_spacing":0,"ocean_menu_typo_spacing_tablet":0,"ocean_menu_typo_spacing_mobile":0,"ocean_menu_typo_spacing_unit":"","ocean_menu_link_color":"","ocean_menu_link_color_hover":"","ocean_menu_link_color_active":"","ocean_menu_link_background":"","ocean_menu_link_hover_background":"","ocean_menu_link_active_background":"","ocean_menu_social_links_bg":"","ocean_menu_social_hover_links_bg":"","ocean_menu_social_links_color":"","ocean_menu_social_hover_links_color":"","ocean_disable_title":"default","ocean_disable_heading":"default","ocean_post_title":"","ocean_post_subheading":"","ocean_post_title_style":"","ocean_post_title_background_color":"","ocean_post_title_background":0,"ocean_post_title_bg_image_position":"","ocean_post_title_bg_image_attachment":"","ocean_post_title_bg_image_repeat":"","ocean_post_title_bg_image_size":"","ocean_post_title_height":0,"ocean_post_title_bg_overlay":0.5,"ocean_post_title_bg_overlay_color":"","ocean_disable_breadcrumbs":"default","ocean_breadcrumbs_color":"","ocean_breadcrumbs_separator_color":"","ocean_breadcrumbs_links_color":"","ocean_breadcrumbs_links_hover_color":"","ocean_display_footer_widgets":"default","ocean_display_footer_bottom":"default","ocean_custom_footer_template":"0","footnotes":""},"class_list":["post-8","page","type-page","status-publish","hentry","entry"],"_links":{"self":[{"href":"https:\/\/tk-ibach-wittenschwand.de\/index.php\/wp-json\/wp\/v2\/pages\/8","targetHints":{"allow":["GET"]}}],"collection":[{"href":"https:\/\/tk-ibach-wittenschwand.de\/index.php\/wp-json\/wp\/v2\/pages"}],"about":[{"href":"https:\/\/tk-ibach-wittenschwand.de\/index.php\/wp-json\/wp\/v2\/types\/page"}],"author":[{"embeddable":true,"href":"https:\/\/tk-ibach-wittenschwand.de\/index.php\/wp-json\/wp\/v2\/users\/1"}],"replies":[{"embeddable":true,"href":"https:\/\/tk-ibach-wittenschwand.de\/index.php\/wp-json\/wp\/v2\/comments?post=8"}],"version-history":[{"count":4,"href":"https:\/\/tk-ibach-wittenschwand.de\/index.php\/wp-json\/wp\/v2\/pages\/8\/revisions"}],"predecessor-version":[{"id":271,"href":"https:\/\/tk-ibach-wittenschwand.de\/index.php\/wp-json\/wp\/v2\/pages\/8\/revisions\/271"}],"wp:attachment":[{"href":"https:\/\/tk-ibach-wittenschwand.de\/index.php\/wp-json\/wp\/v2\/media?parent=8"}],"curies":[{"name":"wp","href":"https:\/\/api.w.org\/{rel}","templated":true}]}}